{"id":10,"date":"2014-12-13T00:50:55","date_gmt":"2014-12-13T00:50:55","guid":{"rendered":"http:\/\/2015.tampere.wordcamp.org\/organizers\/"},"modified":"2015-02-07T11:54:42","modified_gmt":"2015-02-07T11:54:42","slug":"organizers","status":"publish","type":"page","link":"https:\/\/finland.wordcamp.org\/2015\/organizers\/","title":{"rendered":"Organizers"},"content":{"rendered":"<p>Here are the people behind WordCamp Finland.<\/p>\n\t<div class=\"wcorg-organizers\">\n\n\t\t\n\t\t\t<div class=\"wcorg-organizer\">\n\t\t\t\t<h2>Daniel Koskinen<\/h2>\n\t\t\t\t<div class=\"wcorg-organizer-description\">\n\t\t\t\t\t\t\t\t\t\t<img alt='' src='https:\/\/secure.gravatar.com\/avatar\/26be20509d874de0c92acfc6b665612bb62d6fa263b94807c5844e514982eaa2?s=100&#038;d=identicon&#038;r=g' srcset='https:\/\/secure.gravatar.com\/avatar\/26be20509d874de0c92acfc6b665612bb62d6fa263b94807c5844e514982eaa2?s=200&#038;d=identicon&#038;r=g 2x' class='avatar avatar-100 photo' height='100' width='100' \/>\t\t\t\t\t<p><a href=\"http:\/\/fi.wordpress.org\">fi.wordpress.org<\/a> editor, translator for locale \u2018fi\u2019, doing neat things with WordPress at <a href=\"http:\/\/h1.fi\" rel=\"nofollow\">h1.fi<\/a>.<\/p>\n\t\t\t\t<\/div>\n\t\t\t<\/div>\n\n\t\t\n\t\t\t<div class=\"wcorg-organizer\">\n\t\t\t\t<h2>Minna Siltanen<\/h2>\n\t\t\t\t<div class=\"wcorg-organizer-description\">\n\t\t\t\t\t\t\t\t\t\t<img alt='' src='https:\/\/secure.gravatar.com\/avatar\/8d28e63bd01393fddb3e5751cdd5c3169d6b85808fb3634108beb46617864018?s=100&#038;d=identicon&#038;r=g' srcset='https:\/\/secure.gravatar.com\/avatar\/8d28e63bd01393fddb3e5751cdd5c3169d6b85808fb3634108beb46617864018?s=200&#038;d=identicon&#038;r=g 2x' class='avatar avatar-100 photo' height='100' width='100' \/>\t\t\t\t\t<p>Project manager\tat <a href=\"http:\/\/geniem.fi\/\" rel=\"nofollow\">Geniem Oy<\/a>.<\/p>\n\t\t\t\t<\/div>\n\t\t\t<\/div>\n\n\t\t\n\t\t\t<div class=\"wcorg-organizer\">\n\t\t\t\t<h2>Tomi M\u00e4enp\u00e4\u00e4<\/h2>\n\t\t\t\t<div class=\"wcorg-organizer-description\">\n\t\t\t\t\t\t\t\t\t\t<img alt='' src='https:\/\/secure.gravatar.com\/avatar\/?s=100&#038;d=identicon&#038;r=g' srcset='https:\/\/secure.gravatar.com\/avatar\/?s=200&#038;d=identicon&#038;r=g 2x' class='avatar avatar-100 photo avatar-default' height='100' width='100' \/>\t\t\t\t\t<p>Tomi builds WordPress sites at <a href=\"http:\/\/h1.fi\" rel=\"nofollow\">h1.fi<\/a>.<\/p>\n\t\t\t\t<\/div>\n\t\t\t<\/div>\n\n\t\t\n\t\t\t<div class=\"wcorg-organizer\">\n\t\t\t\t<h2>Antti Kuosmanen<\/h2>\n\t\t\t\t<div class=\"wcorg-organizer-description\">\n\t\t\t\t\t\t\t\t\t\t<img alt='' src='https:\/\/secure.gravatar.com\/avatar\/2b81bf1e9dc460e9577713740162776bbd34ab3db514f31bfae16c3080e540ba?s=100&#038;d=identicon&#038;r=g' srcset='https:\/\/secure.gravatar.com\/avatar\/2b81bf1e9dc460e9577713740162776bbd34ab3db514f31bfae16c3080e540ba?s=200&#038;d=identicon&#038;r=g 2x' class='avatar avatar-100 photo' height='100' width='100' \/>\t\t\t\t\t<p>Antti is a\u00a0WordPress Evangelist at Seravo Oy and considers himself mostly harmless.<\/p>\n\t\t\t\t<\/div>\n\t\t\t<\/div>\n\n\t\t\n\t\t\t<div class=\"wcorg-organizer\">\n\t\t\t\t<h2>Tuomas Lecklin<\/h2>\n\t\t\t\t<div class=\"wcorg-organizer-description\">\n\t\t\t\t\t\t\t\t\t\t<img alt='' src='https:\/\/secure.gravatar.com\/avatar\/1aad3ced4d583b6d4bd72e767982c88eb8f8833b8d3a14aeca51a49e55e5f003?s=100&#038;d=identicon&#038;r=g' srcset='https:\/\/secure.gravatar.com\/avatar\/1aad3ced4d583b6d4bd72e767982c88eb8f8833b8d3a14aeca51a49e55e5f003?s=200&#038;d=identicon&#038;r=g 2x' class='avatar avatar-100 photo' height='100' width='100' \/>\t\t\t\t\t<p>Web Developer at Mainostoimisto Bananas<\/p>\n\t\t\t\t<\/div>\n\t\t\t<\/div>\n\n\t\t\n\t\t\t<div class=\"wcorg-organizer\">\n\t\t\t\t<h2>Sami Keijonen<\/h2>\n\t\t\t\t<div class=\"wcorg-organizer-description\">\n\t\t\t\t\t\t\t\t\t\t<img alt='' src='https:\/\/secure.gravatar.com\/avatar\/ccaa88499ddddbbb1c5112a92e6b2f4e695ae1bf78135a548dda049c5025ef93?s=100&#038;d=identicon&#038;r=g' srcset='https:\/\/secure.gravatar.com\/avatar\/ccaa88499ddddbbb1c5112a92e6b2f4e695ae1bf78135a548dda049c5025ef93?s=200&#038;d=identicon&#038;r=g 2x' class='avatar avatar-100 photo' height='100' width='100' \/>\t\t\t\t\t<p>Teacher, who likes to learn about web and WordPress. Learning in process can be viewed on <a href=\"https:\/\/foxland.fi\">Foxland<\/a> or just <a href=\"http:\/\/foxnet.fi\">Foxnet<\/a>.<\/p>\n\t\t\t\t<\/div>\n\t\t\t<\/div>\n\n\t\t\n\t\t\t<div class=\"wcorg-organizer\">\n\t\t\t\t<h2>Tuomas Kumpula<\/h2>\n\t\t\t\t<div class=\"wcorg-organizer-description\">\n\t\t\t\t\t\t\t\t\t\t<img alt='' src='https:\/\/secure.gravatar.com\/avatar\/?s=100&#038;d=identicon&#038;r=g' srcset='https:\/\/secure.gravatar.com\/avatar\/?s=200&#038;d=identicon&#038;r=g 2x' class='avatar avatar-100 photo avatar-default' height='100' width='100' \/>\t\t\t\t\t\t\t\t\t<\/div>\n\t\t\t<\/div>\n\n\t\t\n\t\t\t<div class=\"wcorg-organizer\">\n\t\t\t\t<h2>Antti Syrj\u00e4<\/h2>\n\t\t\t\t<div class=\"wcorg-organizer-description\">\n\t\t\t\t\t\t\t\t\t\t<img alt='' src='https:\/\/secure.gravatar.com\/avatar\/691983022bd33430b31be6b667048cb07e9cdabcbc8045c9ff2dbbb34716538e?s=100&#038;d=identicon&#038;r=g' srcset='https:\/\/secure.gravatar.com\/avatar\/691983022bd33430b31be6b667048cb07e9cdabcbc8045c9ff2dbbb34716538e?s=200&#038;d=identicon&#038;r=g 2x' class='avatar avatar-100 photo' height='100' width='100' \/>\t\t\t\t\t\t\t\t\t<\/div>\n\t\t\t<\/div>\n\n\t\t\n\t<\/div><!-- .wcorg-organizers -->\n\t\n","protected":false},"excerpt":{"rendered":"<p>Here are the people behind WordCamp Finland.<\/p>\n","protected":false},"author":5422250,"featured_media":0,"parent":0,"menu_order":0,"comment_status":"open","ping_status":"open","template":"","meta":{"jetpack_post_was_ever_published":false,"footnotes":""},"class_list":["post-10","page","type-page","status-publish","hentry"],"jetpack_sharing_enabled":true,"jetpack_shortlink":"https:\/\/wp.me\/P5sSjD-a","_links":{"self":[{"href":"https:\/\/finland.wordcamp.org\/2015\/wp-json\/wp\/v2\/pages\/10","targetHints":{"allow":["GET"]}}],"collection":[{"href":"https:\/\/finland.wordcamp.org\/2015\/wp-json\/wp\/v2\/pages"}],"about":[{"href":"https:\/\/finland.wordcamp.org\/2015\/wp-json\/wp\/v2\/types\/page"}],"author":[{"embeddable":true,"href":"https:\/\/finland.wordcamp.org\/2015\/wp-json\/wp\/v2\/users\/5422250"}],"replies":[{"embeddable":true,"href":"https:\/\/finland.wordcamp.org\/2015\/wp-json\/wp\/v2\/comments?post=10"}],"version-history":[{"count":2,"href":"https:\/\/finland.wordcamp.org\/2015\/wp-json\/wp\/v2\/pages\/10\/revisions"}],"predecessor-version":[{"id":81,"href":"https:\/\/finland.wordcamp.org\/2015\/wp-json\/wp\/v2\/pages\/10\/revisions\/81"}],"wp:attachment":[{"href":"https:\/\/finland.wordcamp.org\/2015\/wp-json\/wp\/v2\/media?parent=10"}],"curies":[{"name":"wp","href":"https:\/\/api.w.org\/{rel}","templated":true}]}}