{"id":205,"date":"2015-03-19T08:11:40","date_gmt":"2015-03-19T06:11:40","guid":{"rendered":"https:\/\/2015.finland.wordcamp.org\/?page_id=205"},"modified":"2015-03-19T08:11:40","modified_gmt":"2015-03-19T06:11:40","slug":"about","status":"publish","type":"page","link":"https:\/\/finland.wordcamp.org\/2015\/about\/","title":{"rendered":"About"},"content":{"rendered":"<p class=\"lead\"><strong>Tiivistelm\u00e4 suomeksi \/ Summary in Finnish:\u00a0<\/strong><em>WordCampit ovat\u00a0rentoja, paikallisesti j\u00e4rjestettyj\u00e4 WordPress-aiheisia konferensseja. WordPress on ilmainen ja l\u00e4hdekoodiltaan avoin henkil\u00f6kohtainen julkaisualusta, joka py\u00f6ritt\u00e4\u00e4 yli 75 miljoonaa www-sivustoa maailmanlaajuisesti. 8.-9. toukokuuta j\u00e4rjestet\u00e4\u00e4n ensimm\u00e4inen suomalainen\u00a0WordCamp-tapahtuma Tampereella Hullu Poro -ravintolassa. Konferenssiesitysten aiheita on laidasta laitaan, WordPressin tehokkaammasta hy\u00f6dynt\u00e4misest\u00e4 ja lis\u00e4osien kehitt\u00e4misest\u00e4 edistyneempiin tekniikoihin, tietoturvakysymyksiin ja WordPress-liiketoimintaan. Tapahtuman kohderyhm\u00e4n\u00e4 ovat niin WordPress-harrastelijat kuin sit\u00e4 ty\u00f6ss\u00e4\u00e4n p\u00e4ivitt\u00e4in hy\u00f6dynt\u00e4v\u00e4t ammattilaiset, www-suunnittelijat, kehitt\u00e4j\u00e4t ja organisaatiot.<\/em><\/p>\n<p class=\"lead\">WordCamps are casual, locally-organized conferences covering everything related to\u00a0<a href=\"http:\/\/wordpress.org\/\">WordPress<\/a>, the free and open source personal publishing software\u00a0that powers over 75 million sites on the web. 2015 will be the first time a WordCamp is organized in Finland, and we hope you&#8217;ll be there!<\/p>\n<p>WordCamps come in all different flavors, based on the local communities that produce them, but in general, WordCamps include sessions on how to use WordPress more effectively, beginning\u00a0<a href=\"http:\/\/wordpress.org\/extend\/plugins\/\">plugin<\/a>\u00a0and\u00a0<a href=\"http:\/\/wordpress.org\/extend\/themes\/\">theme<\/a>\u00a0development, advanced techniques, security, etc. To get an idea of the types of sessions typically seen at WordCamps, check out the\u00a0<a href=\"http:\/\/wordpress.tv\/category\/wordcamptv\/\">WordCamp channel at WordPress.tv<\/a>.<\/p>\n<p>WordCamps are attended by people ranging from blogging newbies to professional WordPress developers and consultants, and usually combine scheduled programming with unconference sessions and other activities. For more information on common WordCamp elements, read about\u00a0<a href=\"http:\/\/central.wordcamp.org\/what-to-expect\/\">what to expect<\/a>\u00a0at a WordCamp.<\/p>\n<p>The\u00a0<a href=\"http:\/\/central.wordcamp.org\/wordcamps\/san-francisco-2006\/\">first WordCamp<\/a>\u00a0was organized in San Francisco by Matt Mullenweg in 2006.\u00a0Since then, local communities around the world have organized\u00a0<a href=\"http:\/\/central.wordcamp.org\/schedule\/\">over three hundred WordCamps<\/a>, and we anticipate that number will pass a thousand within the next couple of years.<\/p>\n","protected":false},"excerpt":{"rendered":"<p>Tiivistelm\u00e4 suomeksi \/ Summary in Finnish:\u00a0WordCampit ovat\u00a0rentoja, paikallisesti j\u00e4rjestettyj\u00e4 WordPress-aiheisia konferensseja. WordPress on ilmainen ja l\u00e4hdekoodiltaan avoin henkil\u00f6kohtainen julkaisualusta, joka py\u00f6ritt\u00e4\u00e4 yli 75 miljoonaa www-sivustoa maailmanlaajuisesti. 8.-9. toukokuuta j\u00e4rjestet\u00e4\u00e4n ensimm\u00e4inen suomalainen\u00a0WordCamp-tapahtuma Tampereella Hullu Poro -ravintolassa. Konferenssiesitysten aiheita on laidasta laitaan, WordPressin tehokkaammasta hy\u00f6dynt\u00e4misest\u00e4 ja lis\u00e4osien kehitt\u00e4misest\u00e4 edistyneempiin tekniikoihin, tietoturvakysymyksiin ja WordPress-liiketoimintaan. Tapahtuman kohderyhm\u00e4n\u00e4 ovat niin &hellip; <a href=\"https:\/\/finland.wordcamp.org\/2015\/about\/\" class=\"more-link\">Continue reading <span class=\"screen-reader-text\">About<\/span><\/a><\/p>\n","protected":false},"author":5422250,"featured_media":0,"parent":0,"menu_order":0,"comment_status":"open","ping_status":"open","template":"","meta":{"jetpack_post_was_ever_published":false,"footnotes":""},"class_list":["post-205","page","type-page","status-publish","hentry"],"jetpack_sharing_enabled":true,"jetpack_shortlink":"https:\/\/wp.me\/P5sSjD-3j","_links":{"self":[{"href":"https:\/\/finland.wordcamp.org\/2015\/wp-json\/wp\/v2\/pages\/205","targetHints":{"allow":["GET"]}}],"collection":[{"href":"https:\/\/finland.wordcamp.org\/2015\/wp-json\/wp\/v2\/pages"}],"about":[{"href":"https:\/\/finland.wordcamp.org\/2015\/wp-json\/wp\/v2\/types\/page"}],"author":[{"embeddable":true,"href":"https:\/\/finland.wordcamp.org\/2015\/wp-json\/wp\/v2\/users\/5422250"}],"replies":[{"embeddable":true,"href":"https:\/\/finland.wordcamp.org\/2015\/wp-json\/wp\/v2\/comments?post=205"}],"version-history":[{"count":1,"href":"https:\/\/finland.wordcamp.org\/2015\/wp-json\/wp\/v2\/pages\/205\/revisions"}],"predecessor-version":[{"id":208,"href":"https:\/\/finland.wordcamp.org\/2015\/wp-json\/wp\/v2\/pages\/205\/revisions\/208"}],"wp:attachment":[{"href":"https:\/\/finland.wordcamp.org\/2015\/wp-json\/wp\/v2\/media?parent=205"}],"curies":[{"name":"wp","href":"https:\/\/api.w.org\/{rel}","templated":true}]}}