{"id":6,"date":"2014-12-13T00:50:55","date_gmt":"2014-12-13T00:50:55","guid":{"rendered":"http:\/\/2015.tampere.wordcamp.org\/speakers\/"},"modified":"2015-04-10T09:44:03","modified_gmt":"2015-04-10T06:44:03","slug":"speakers","status":"publish","type":"page","link":"https:\/\/finland.wordcamp.org\/2015\/speakers\/","title":{"rendered":"Speakers"},"content":{"rendered":"\n\t<div class=\"wcorg-speakers\">\n\n\t\t\n\t\t\t<!-- Organizers note: The id attribute is deprecated and only remains for backwards compatibility, please use the corresponding class to target individual speakers -->\n\t\t\t<div id=\"wcorg-speaker-miika-arponen\" class=\"wcorg-speaker wcorg-speaker-miika-arponen\">\n\t\t\t\t<h2>\n\t\t\t\t\t\n\t\t\t\t\t\tMiika Arponen\n\t\t\t\t\t\t\t\t\t<\/h2>\n\n\t\t\t\t<div class=\"wcorg-speaker-description\">\n\t\t\t\t\t<img alt='' src='https:\/\/secure.gravatar.com\/avatar\/748677b12eb18452b76477b303c0a71a88f3719b0ccfccba2ac50bbc670de935?s=100&#038;d=identicon&#038;r=g' srcset='https:\/\/secure.gravatar.com\/avatar\/748677b12eb18452b76477b303c0a71a88f3719b0ccfccba2ac50bbc670de935?s=200&#038;d=identicon&#038;r=g 2x' class='avatar avatar-100 photo' height='100' width='100' \/>\t\t\t\t\t<p>Miika Arponen is a web developer from Tampere with about a decade of experience in web developing. He has been developing WordPress sites for Geniem (<a href=\"http:\/\/www.geniem.fi\/\" target=\"_blank\" rel=\"nofollow\">http:\/\/www.geniem.fi<\/a>) for two years. Miika&#8217;s flash talk at the event gives a glimpse on Geniem&#8217;s upcoming DustPress plugin that brings the advantages of Dust.js templating, MVVM pattern and a pinch of isomorphic design into WordPress development.<\/p>\n\t\t\t\t<\/div>\n\t\t\t<\/div>\n\n\t\t\n\t\t\t<!-- Organizers note: The id attribute is deprecated and only remains for backwards compatibility, please use the corresponding class to target individual speakers -->\n\t\t\t<div id=\"wcorg-speaker-niko-pettersen\" class=\"wcorg-speaker wcorg-speaker-niko-pettersen\">\n\t\t\t\t<h2>\n\t\t\t\t\t\n\t\t\t\t\t\tNiko Pettersen\n\t\t\t\t\t\t\t\t\t<\/h2>\n\n\t\t\t\t<div class=\"wcorg-speaker-description\">\n\t\t\t\t\t<img alt='' src='https:\/\/secure.gravatar.com\/avatar\/?s=100&#038;d=identicon&#038;r=g' srcset='https:\/\/secure.gravatar.com\/avatar\/?s=200&#038;d=identicon&#038;r=g 2x' class='avatar avatar-100 photo avatar-default' height='100' width='100' \/>\t\t\t\t\t<p><img loading=\"lazy\" decoding=\"async\" data-attachment-id=\"391\" data-permalink=\"https:\/\/finland.wordcamp.org\/2015\/speaker\/niko-pettersen\/niko-pettersen-cropped\/\" data-orig-file=\"https:\/\/finland.wordcamp.org\/2015\/files\/2015\/03\/niko-pettersen-cropped.jpg\" data-orig-size=\"138,151\" data-comments-opened=\"1\" data-image-meta=\"{&quot;aperture&quot;:&quot;0&quot;,&quot;credit&quot;:&quot;&quot;,&quot;camera&quot;:&quot;&quot;,&quot;caption&quot;:&quot;&quot;,&quot;created_timestamp&quot;:&quot;0&quot;,&quot;copyright&quot;:&quot;&quot;,&quot;focal_length&quot;:&quot;0&quot;,&quot;iso&quot;:&quot;0&quot;,&quot;shutter_speed&quot;:&quot;0&quot;,&quot;title&quot;:&quot;&quot;,&quot;orientation&quot;:&quot;0&quot;}\" data-image-title=\"niko-pettersen-cropped\" data-image-description=\"\" data-image-caption=\"\" data-medium-file=\"https:\/\/finland.wordcamp.org\/2015\/files\/2015\/03\/niko-pettersen-cropped.jpg\" data-large-file=\"https:\/\/finland.wordcamp.org\/2015\/files\/2015\/03\/niko-pettersen-cropped.jpg\" class=\"alignleft  wp-image-391\" src=\"https:\/\/2015.finland.wordcamp.org\/files\/2015\/03\/niko-pettersen-cropped-138x150.jpg\" alt=\"niko-pettersen-cropped\" width=\"121\" height=\"128\" \/>Niko Pettersen is a web developer from Helsinki, Finland with almost a decade of experience in building online services. He\u2019s also one of the key organisers of Frontend Finland and is an active member of the web team behind the upcoming IxDA Interaction 16 event. Niko has participated in dozens of projects at Frantic involving multilingual WordPress sites. He is eager to share his experiences both from a developer\u2019s perspective and how clients can manage their multilingual content using plugins such as WPML and Polylang.<\/p>\n\t\t\t\t<\/div>\n\t\t\t<\/div>\n\n\t\t\n\t\t\t<!-- Organizers note: The id attribute is deprecated and only remains for backwards compatibility, please use the corresponding class to target individual speakers -->\n\t\t\t<div id=\"wcorg-speaker-jussi-tuoma\" class=\"wcorg-speaker wcorg-speaker-jussi-tuoma\">\n\t\t\t\t<h2>\n\t\t\t\t\t\n\t\t\t\t\t\tJussi Tuoma\n\t\t\t\t\t\t\t\t\t<\/h2>\n\n\t\t\t\t<div class=\"wcorg-speaker-description\">\n\t\t\t\t\t<img alt='' src='https:\/\/secure.gravatar.com\/avatar\/da44519eeba216300c3a0e81537e80a02f5cb8b4801f57a2b3ccbac19c9a8096?s=100&#038;d=identicon&#038;r=g' srcset='https:\/\/secure.gravatar.com\/avatar\/da44519eeba216300c3a0e81537e80a02f5cb8b4801f57a2b3ccbac19c9a8096?s=200&#038;d=identicon&#038;r=g 2x' class='avatar avatar-100 photo' height='100' width='100' \/>\t\t\t\t\t<p>Jussi is a self-taught web and WordPress enthusiast who&#8217;s been developing and learning web since 2007. He is currently a WordPress developer and a partner in a digital agency called H\u00f6yry. At WordCamp Finland Jussi will give a lightning talk about creating a HTML Presentation using the Reveal.js framework and Advanced Custom Fields.<\/p>\n\t\t\t\t<\/div>\n\t\t\t<\/div>\n\n\t\t\n\t\t\t<!-- Organizers note: The id attribute is deprecated and only remains for backwards compatibility, please use the corresponding class to target individual speakers -->\n\t\t\t<div id=\"wcorg-speaker-perttu-tolvanen\" class=\"wcorg-speaker wcorg-speaker-perttu-tolvanen\">\n\t\t\t\t<h2>\n\t\t\t\t\t\n\t\t\t\t\t\tPerttu Tolvanen\n\t\t\t\t\t\t\t\t\t<\/h2>\n\n\t\t\t\t<div class=\"wcorg-speaker-description\">\n\t\t\t\t\t<img alt='' src='https:\/\/secure.gravatar.com\/avatar\/3ca8ff58afff6fb886d5c3b074d77518c70d26dfeae6bab344af5737d65eb4c7?s=100&#038;d=identicon&#038;r=g' srcset='https:\/\/secure.gravatar.com\/avatar\/3ca8ff58afff6fb886d5c3b074d77518c70d26dfeae6bab344af5737d65eb4c7?s=200&#038;d=identicon&#038;r=g 2x' class='avatar avatar-100 photo' height='100' width='100' \/>\t\t\t\t\t<p>Perttu Tolvanen is a CMS expert that helps clients choose partners and technologies for their Web and eCommerce projects. His daily work involves writing RFPs, analyzing proposals, meeting vendors and facilitating workshops. Most typical cases for him are large web projects where client organisations are renewing their web presence from websites to eCommerce. In his flash talk Perttu will be analyzing the differences between WordPress and other\u00a0CMS&#8217;s like EPiServer and Drupal from a client perspective.<\/p>\n\t\t\t\t<\/div>\n\t\t\t<\/div>\n\n\t\t\n\t\t\t<!-- Organizers note: The id attribute is deprecated and only remains for backwards compatibility, please use the corresponding class to target individual speakers -->\n\t\t\t<div id=\"wcorg-speaker-otto-kekalainen\" class=\"wcorg-speaker wcorg-speaker-otto-kekalainen\">\n\t\t\t\t<h2>\n\t\t\t\t\t\n\t\t\t\t\t\tOtto Kek\u00e4l\u00e4inen\n\t\t\t\t\t\t\t\t\t<\/h2>\n\n\t\t\t\t<div class=\"wcorg-speaker-description\">\n\t\t\t\t\t<img alt='' src='https:\/\/secure.gravatar.com\/avatar\/6f7902115e89bff8ebe8349e2e26ba61b6a7a6ce4686d76ea4fa8082f45f6dfd?s=100&#038;d=identicon&#038;r=g' srcset='https:\/\/secure.gravatar.com\/avatar\/6f7902115e89bff8ebe8349e2e26ba61b6a7a6ce4686d76ea4fa8082f45f6dfd?s=200&#038;d=identicon&#038;r=g 2x' class='avatar avatar-100 photo' height='100' width='100' \/>\t\t\t\t\t<p>Otto Kek\u00e4l\u00e4inen is the CEO of Seravo (<a href=\"http:\/\/seravo.fi\/\" target=\"_blank\" rel=\"nofollow\">seravo.fi<\/a>), a Finnish company that provides support services for companies that use Linux and other open source software, e.g. WordPress. Otto has 15+ years of experience in using, developing and advocating open source software. He also serves as the CEO of the MariaDB Foundation, as the president of the Finnish Unix User Group Foundation and is also active in many other free and open source software promoting organisations. Otto used WordPress for the first time in 2004, but really got into it in\u00a0the past<br \/>\n2 years.<\/p>\n<p>In his flash talk at WordCamp Finland\u00a0Otto will explain about how the open source community\u00a0works and what benefits there are from a single developer and from a\u00a0company perspective in publishing plugins at <a href=\"http:\/\/wordpress.org\/\" target=\"_blank\">wordpress.org<\/a>.<\/p>\n\t\t\t\t<\/div>\n\t\t\t<\/div>\n\n\t\t\n\t\t\t<!-- Organizers note: The id attribute is deprecated and only remains for backwards compatibility, please use the corresponding class to target individual speakers -->\n\t\t\t<div id=\"wcorg-speaker-aki-bjorklund\" class=\"wcorg-speaker wcorg-speaker-aki-bjorklund\">\n\t\t\t\t<h2>\n\t\t\t\t\t\n\t\t\t\t\t\tAki Bj\u00f6rklund\n\t\t\t\t\t\t\t\t\t<\/h2>\n\n\t\t\t\t<div class=\"wcorg-speaker-description\">\n\t\t\t\t\t<img alt='' src='https:\/\/secure.gravatar.com\/avatar\/a5d9e1f1b58099227fcc05bcb9aae04ebb29db2b2584e055f1c5bcd7bc40f592?s=100&#038;d=identicon&#038;r=g' srcset='https:\/\/secure.gravatar.com\/avatar\/a5d9e1f1b58099227fcc05bcb9aae04ebb29db2b2584e055f1c5bcd7bc40f592?s=200&#038;d=identicon&#038;r=g 2x' class='avatar avatar-100 photo' height='100' width='100' \/>\t\t\t\t\t<p>Aki Bj\u00f6rklund is a mostly self-taught web generalist. He has been developing websites since 2000. After 10 years of developing custom CMSs with Microsoft technologies for media companies, among other things, he had enough and switched to 100% WordPress. Aki is a founder and the CEO of H1, a Finnish WordPress agency. At WordCamp Finland he&#8217;ll be giving a flash\u00a0talk on simple things you can do to improve the speed and Google PageSpeed score of a typical WordPress site.<\/p>\n\t\t\t\t<\/div>\n\t\t\t<\/div>\n\n\t\t\n\t\t\t<!-- Organizers note: The id attribute is deprecated and only remains for backwards compatibility, please use the corresponding class to target individual speakers -->\n\t\t\t<div id=\"wcorg-speaker-natanael-sinisalo\" class=\"wcorg-speaker wcorg-speaker-natanael-sinisalo\">\n\t\t\t\t<h2>\n\t\t\t\t\t\n\t\t\t\t\t\tNatanael Sinisalo\n\t\t\t\t\t\t\t\t\t<\/h2>\n\n\t\t\t\t<div class=\"wcorg-speaker-description\">\n\t\t\t\t\t<img alt='' src='https:\/\/secure.gravatar.com\/avatar\/f794284c52095a24552a582311351db00d5928f4e4ff4c1f987b8548e3d7cffb?s=100&#038;d=identicon&#038;r=g' srcset='https:\/\/secure.gravatar.com\/avatar\/f794284c52095a24552a582311351db00d5928f4e4ff4c1f987b8548e3d7cffb?s=200&#038;d=identicon&#038;r=g 2x' class='avatar avatar-100 photo' height='100' width='100' \/>\t\t\t\t\t<p>Natanael has been working with WordPress for over six years. He&#8217;s currently working as a CTO\/partner at a fast-growing digital agency called <a href=\"http:\/\/www.meom.fi\">MEOM Oy<\/a> where he makes WordPress even more comfy for clients and employees. In WordCamp Finland Natanael is going to give a flash talk about modular content management with Advanced Custom Fields.<\/p>\n\t\t\t\t<\/div>\n\t\t\t<\/div>\n\n\t\t\n\t\t\t<!-- Organizers note: The id attribute is deprecated and only remains for backwards compatibility, please use the corresponding class to target individual speakers -->\n\t\t\t<div id=\"wcorg-speaker-tiia-rantanen\" class=\"wcorg-speaker wcorg-speaker-tiia-rantanen\">\n\t\t\t\t<h2>\n\t\t\t\t\t\n\t\t\t\t\t\tTiia Rantanen\n\t\t\t\t\t\t\t\t\t<\/h2>\n\n\t\t\t\t<div class=\"wcorg-speaker-description\">\n\t\t\t\t\t<img alt='' src='https:\/\/secure.gravatar.com\/avatar\/b1e8c9923f0a8adca85b093cc138311e5db1a1c39abe0506457fa71298e71dab?s=100&#038;d=identicon&#038;r=g' srcset='https:\/\/secure.gravatar.com\/avatar\/b1e8c9923f0a8adca85b093cc138311e5db1a1c39abe0506457fa71298e71dab?s=200&#038;d=identicon&#038;r=g 2x' class='avatar avatar-100 photo' height='100' width='100' \/>\t\t\t\t\t<p>Tiia Rantanen is a web developer from Trimedia with years of experience with WordPress. She\u00a0has developed projects from e-commerce to customized solutions. Tiia is also experienced with other content management systems but WordPress is definitely a personal favorite. At WordCamp Finland Tiia will be talking about security, especially on what can be done to avoid the usual issues both\u00a0server-side and client side, what makes your server installation safe and how it affects WordPress.<\/p>\n\t\t\t\t<\/div>\n\t\t\t<\/div>\n\n\t\t\n\t\t\t<!-- Organizers note: The id attribute is deprecated and only remains for backwards compatibility, please use the corresponding class to target individual speakers -->\n\t\t\t<div id=\"wcorg-speaker-tony-kovanen\" class=\"wcorg-speaker wcorg-speaker-tony-kovanen\">\n\t\t\t\t<h2>\n\t\t\t\t\t\n\t\t\t\t\t\tTony Kovanen\n\t\t\t\t\t\t\t\t\t<\/h2>\n\n\t\t\t\t<div class=\"wcorg-speaker-description\">\n\t\t\t\t\t<img alt='' src='https:\/\/secure.gravatar.com\/avatar\/cff0fc664775342a5121de6532f1fa835589f14587d9af82cde084e2465c037d?s=100&#038;d=identicon&#038;r=g' srcset='https:\/\/secure.gravatar.com\/avatar\/cff0fc664775342a5121de6532f1fa835589f14587d9af82cde084e2465c037d?s=200&#038;d=identicon&#038;r=g 2x' class='avatar avatar-100 photo' height='100' width='100' \/>\t\t\t\t\t<p>Tony Kovanen works with Automattic as a JavaScript wrangler hacking on Jetpack among other things. He is a core team member of Socket.IO and contributes to a number of other Open Source projects. He loves to explore new technologies to improve user experience, code quality and performance.\u00a0Tony&#8217;s talk will be on the current and future\u00a0possibilities offered by the REST API in Jetpack and future WordPress\u00a0versions for theme and plugin developers.<\/p>\n\t\t\t\t<\/div>\n\t\t\t<\/div>\n\n\t\t\n\t\t\t<!-- Organizers note: The id attribute is deprecated and only remains for backwards compatibility, please use the corresponding class to target individual speakers -->\n\t\t\t<div id=\"wcorg-speaker-timo-jaakko-rautavuori\" class=\"wcorg-speaker wcorg-speaker-timo-jaakko-rautavuori\">\n\t\t\t\t<h2>\n\t\t\t\t\t\n\t\t\t\t\t\tTimo-Jaakko Rautavuori\n\t\t\t\t\t\t\t\t\t<\/h2>\n\n\t\t\t\t<div class=\"wcorg-speaker-description\">\n\t\t\t\t\t<img alt='' src='https:\/\/secure.gravatar.com\/avatar\/?s=100&#038;d=identicon&#038;r=g' srcset='https:\/\/secure.gravatar.com\/avatar\/?s=200&#038;d=identicon&#038;r=g 2x' class='avatar avatar-100 photo avatar-default' height='100' width='100' \/>\t\t\t\t\t<p><img loading=\"lazy\" decoding=\"async\" data-attachment-id=\"284\" data-permalink=\"https:\/\/finland.wordcamp.org\/2015\/speaker\/timo-jaakko-rautavuori\/rautavuori\/\" data-orig-file=\"https:\/\/finland.wordcamp.org\/2015\/files\/2015\/03\/rautavuori.jpg\" data-orig-size=\"128,128\" data-comments-opened=\"1\" data-image-meta=\"{&quot;aperture&quot;:&quot;0&quot;,&quot;credit&quot;:&quot;&quot;,&quot;camera&quot;:&quot;&quot;,&quot;caption&quot;:&quot;&quot;,&quot;created_timestamp&quot;:&quot;0&quot;,&quot;copyright&quot;:&quot;&quot;,&quot;focal_length&quot;:&quot;0&quot;,&quot;iso&quot;:&quot;0&quot;,&quot;shutter_speed&quot;:&quot;0&quot;,&quot;title&quot;:&quot;&quot;,&quot;orientation&quot;:&quot;0&quot;}\" data-image-title=\"rautavuori\" data-image-description=\"\" data-image-caption=\"\" data-medium-file=\"https:\/\/finland.wordcamp.org\/2015\/files\/2015\/03\/rautavuori.jpg\" data-large-file=\"https:\/\/finland.wordcamp.org\/2015\/files\/2015\/03\/rautavuori.jpg\" class=\"alignleft size-full wp-image-284\" src=\"https:\/\/2015.finland.wordcamp.org\/files\/2015\/03\/rautavuori.jpg\" alt=\"rautavuori\" width=\"128\" height=\"128\" \/>Timo-Jaakko Rautavuori (<a href=\"https:\/\/twitter.com\/timojr\">@timojr<\/a> on Twitter) has been working in online journalism since 2006 at Aamulehti (second-largest newspaper in Finland in terms of circulation) and its parent company, Alma Media. His\u00a0background is in\u00a0journalism but the past few years his title has been\u00a0Development Manager. In his current job he has managed multiple\u00a0news site renewal projects. Some of these projects involved a closed CMS, but increasingly often the platform of choice has been WordPress. At WordCamp Finland\u00a0Rautavuori will share his experiences of implementing WordPress from a media company perspective, and how well WP has suited their needs. This talk will be in Finnish.<\/p>\n\t\t\t\t<\/div>\n\t\t\t<\/div>\n\n\t\t\n\t\t\t<!-- Organizers note: The id attribute is deprecated and only remains for backwards compatibility, please use the corresponding class to target individual speakers -->\n\t\t\t<div id=\"wcorg-speaker-mikko-virenius\" class=\"wcorg-speaker wcorg-speaker-mikko-virenius\">\n\t\t\t\t<h2>\n\t\t\t\t\t\n\t\t\t\t\t\tMikko Virenius\n\t\t\t\t\t\t\t\t\t<\/h2>\n\n\t\t\t\t<div class=\"wcorg-speaker-description\">\n\t\t\t\t\t<img alt='' src='https:\/\/secure.gravatar.com\/avatar\/75e498ac7784094c628362f38b953ae83c103a3211c9c3230421c6a3b1ac1b2f?s=100&#038;d=identicon&#038;r=g' srcset='https:\/\/secure.gravatar.com\/avatar\/75e498ac7784094c628362f38b953ae83c103a3211c9c3230421c6a3b1ac1b2f?s=200&#038;d=identicon&#038;r=g 2x' class='avatar avatar-100 photo' height='100' width='100' \/>\t\t\t\t\t<p>Mikko Virenius is one of the most experienced WordPress experts in Finland. He&#8217;s been working with WP full-time since 2008, and currently\u00a0is a WordPress developer and partner at Jyv\u00e4skyl\u00e4-based Media Cabinet Oy. Mikko will be speaking on doing business with WordPress. His talk will be in Finnish.<\/p>\n<p><em>Mikko Virenius on yksi Suomen kokeneimmista WordPress-asiantuntijoista. WordPressin parissa Mikko on toiminut p\u00e4\u00e4toimisesti vuodesta 2008 l\u00e4htien. Nyky\u00e4\u00e4n Mikko ty\u00f6skentelee WordPress-kehitt\u00e4j\u00e4n\u00e4 ja osakkaana Jyv\u00e4skyl\u00e4l\u00e4isess\u00e4 Media Cabinet Oy:ss\u00e4. WordCamp Finlandissa Mikko luo yleiskatsauksen siit\u00e4, miten\u00a0markkina ja WP:n hy\u00f6dynt\u00e4minen bisnesmieless\u00e4 on kehittynyt Suomessa h\u00e4nen oman uransa\u00a0aikana ja mitk\u00e4 asiat painottuvat jatkossa.<\/em><\/p>\n\t\t\t\t<\/div>\n\t\t\t<\/div>\n\n\t\t\n\t\t\t<!-- Organizers note: The id attribute is deprecated and only remains for backwards compatibility, please use the corresponding class to target individual speakers -->\n\t\t\t<div id=\"wcorg-speaker-yana-petrova\" class=\"wcorg-speaker wcorg-speaker-yana-petrova\">\n\t\t\t\t<h2>\n\t\t\t\t\t\n\t\t\t\t\t\tYana Petrova\n\t\t\t\t\t\t\t\t\t<\/h2>\n\n\t\t\t\t<div class=\"wcorg-speaker-description\">\n\t\t\t\t\t<img alt='' src='https:\/\/secure.gravatar.com\/avatar\/5b5fca60fa53bdd4a33153f88d5b3c2f4a3706e3d89e570e3d1d0baa29ee5242?s=100&#038;d=identicon&#038;r=g' srcset='https:\/\/secure.gravatar.com\/avatar\/5b5fca60fa53bdd4a33153f88d5b3c2f4a3706e3d89e570e3d1d0baa29ee5242?s=200&#038;d=identicon&#038;r=g 2x' class='avatar avatar-100 photo' height='100' width='100' \/>\t\t\t\t\t<p>Coming from Sofia, Bulgaria, Yana is a freelance marketing consultant, event organiser, foodie and traveler. She\u2019s been blogging about food since 2010 and in the past couple of years she\u2019s been organising local technical conferences in Bulgaria, including OpenFest &#8211; the biggest Bulgarian event dedicated to free software, free culture and knowledge sharing. She\u2019s also a chaos maintainer in the civic hacking organisation Obshtestvo.bg (Society:Bulgaria) that builds independent online tools to help society be closer to the government and the decision making process.<\/p>\n<p>At WordCamp Finland Yana will be talking about content marketing for geeks.<\/p>\n\t\t\t\t<\/div>\n\t\t\t<\/div>\n\n\t\t\n\t<\/div>\n\n\t\n","protected":false},"excerpt":{"rendered":"","protected":false},"author":5422250,"featured_media":0,"parent":0,"menu_order":0,"comment_status":"open","ping_status":"open","template":"","meta":{"jetpack_post_was_ever_published":false,"footnotes":""},"class_list":["post-6","page","type-page","status-publish","hentry"],"jetpack_sharing_enabled":true,"jetpack_shortlink":"https:\/\/wp.me\/P5sSjD-6","_links":{"self":[{"href":"https:\/\/finland.wordcamp.org\/2015\/wp-json\/wp\/v2\/pages\/6","targetHints":{"allow":["GET"]}}],"collection":[{"href":"https:\/\/finland.wordcamp.org\/2015\/wp-json\/wp\/v2\/pages"}],"about":[{"href":"https:\/\/finland.wordcamp.org\/2015\/wp-json\/wp\/v2\/types\/page"}],"author":[{"embeddable":true,"href":"https:\/\/finland.wordcamp.org\/2015\/wp-json\/wp\/v2\/users\/5422250"}],"replies":[{"embeddable":true,"href":"https:\/\/finland.wordcamp.org\/2015\/wp-json\/wp\/v2\/comments?post=6"}],"version-history":[{"count":3,"href":"https:\/\/finland.wordcamp.org\/2015\/wp-json\/wp\/v2\/pages\/6\/revisions"}],"predecessor-version":[{"id":559,"href":"https:\/\/finland.wordcamp.org\/2015\/wp-json\/wp\/v2\/pages\/6\/revisions\/559"}],"wp:attachment":[{"href":"https:\/\/finland.wordcamp.org\/2015\/wp-json\/wp\/v2\/media?parent=6"}],"curies":[{"name":"wp","href":"https:\/\/api.w.org\/{rel}","templated":true}]}}