{"id":2,"date":"2015-12-11T16:13:08","date_gmt":"2015-12-11T16:13:08","guid":{"rendered":"https:\/\/2016.finland.wordcamp.org\/?page_id=2"},"modified":"2016-01-24T18:58:53","modified_gmt":"2016-01-24T18:58:53","slug":"about","status":"publish","type":"page","link":"https:\/\/finland.wordcamp.org\/2016\/about\/","title":{"rendered":"About"},"content":{"rendered":"<p class=\"lead\"><strong>Tiivistelm\u00e4 suomeksi \/ Summary in Finnish:\u00a0<\/strong><em>WordCampit ovat\u00a0rentoja, paikallisesti j\u00e4rjestettyj\u00e4 WordPress-aiheisia konferensseja. WordPress on ilmainen ja l\u00e4hdekoodiltaan avoin henkil\u00f6kohtainen julkaisualusta, joka py\u00f6ritt\u00e4\u00e4 yli 75 miljoonaa www-sivustoa maailmanlaajuisesti. 15.-16. huhtikuuta\u00a0Helsingiss\u00e4\u00a0j\u00e4rjestett\u00e4v\u00e4 WordCamp Finland on j\u00e4rjestyksess\u00e4\u00e4n toinen tapahtuma Suomessa. Ensimm\u00e4inen j\u00e4rjestettiin Tampereella toukokuussa 2015. Konferenssiesitysten aiheita on laidasta laitaan, WordPressin tehokkaammasta hy\u00f6dynt\u00e4misest\u00e4 ja lis\u00e4osien kehitt\u00e4misest\u00e4 edistyneempiin tekniikoihin, tietoturvakysymyksiin ja WordPress-liiketoimintaan. Tapahtuman kohderyhm\u00e4n\u00e4 ovat niin WordPress-harrastelijat kuin sit\u00e4 ty\u00f6ss\u00e4\u00e4n p\u00e4ivitt\u00e4in hy\u00f6dynt\u00e4v\u00e4t ammattilaiset, www-suunnittelijat, kehitt\u00e4j\u00e4t ja organisaatiot.<\/em><\/p>\n<p class=\"lead\">WordCamps are casual, locally-organized conferences covering everything related to\u00a0<a href=\"http:\/\/wordpress.org\/\">WordPress<\/a>, the free and open source personal publishing software\u00a0that powers over 75 million sites on the web. The first ever WordCamp Finland was held in Tampere in May 2015.\u00a0In 2016 the\u00a0event will be in Helsinki from\u00a0the 15th to 16th of April.<\/p>\n<p>WordCamps come in all different flavors, based on the local communities that produce them, but in general, WordCamps include sessions on how to use WordPress more effectively, beginning\u00a0<a href=\"http:\/\/wordpress.org\/extend\/plugins\/\">plugin<\/a>\u00a0and\u00a0<a href=\"http:\/\/wordpress.org\/extend\/themes\/\">theme<\/a>\u00a0development, advanced techniques, security, etc. To get an idea of the types of sessions typically seen at WordCamps, check out <a href=\"http:\/\/wordpress.tv\/event\/wordcamp-finland-2015\/\">last year&#8217;s sessions\u00a0on WordPress.tv<\/a>.<\/p>\n<p>WordCamps are attended by people ranging from blogging newbies to professional WordPress developers and consultants, and usually combine scheduled programming with unconference sessions and other activities. For more information on common WordCamp elements, read about\u00a0<a href=\"http:\/\/central.wordcamp.org\/what-to-expect\/\">what to expect<\/a>\u00a0at a WordCamp.<\/p>\n<p>The\u00a0<a href=\"http:\/\/central.wordcamp.org\/wordcamps\/san-francisco-2006\/\">first WordCamp<\/a>\u00a0was organized in San Francisco by Matt Mullenweg in 2006, and since then local communities around the world have organized\u00a0hundreds of others.<\/p>\n","protected":false},"excerpt":{"rendered":"<p>Tiivistelm\u00e4 suomeksi \/ Summary in Finnish:\u00a0WordCampit ovat\u00a0rentoja, paikallisesti j\u00e4rjestettyj\u00e4 WordPress-aiheisia konferensseja. WordPress on ilmainen ja l\u00e4hdekoodiltaan avoin henkil\u00f6kohtainen julkaisualusta, joka py\u00f6ritt\u00e4\u00e4 yli 75 miljoonaa www-sivustoa maailmanlaajuisesti. 15.-16. huhtikuuta\u00a0Helsingiss\u00e4\u00a0j\u00e4rjestett\u00e4v\u00e4 WordCamp Finland on j\u00e4rjestyksess\u00e4\u00e4n toinen tapahtuma Suomessa. Ensimm\u00e4inen j\u00e4rjestettiin Tampereella toukokuussa 2015. Konferenssiesitysten aiheita on laidasta laitaan, WordPressin tehokkaammasta hy\u00f6dynt\u00e4misest\u00e4 ja lis\u00e4osien kehitt\u00e4misest\u00e4 edistyneempiin tekniikoihin, tietoturvakysymyksiin ja &hellip; <a href=\"https:\/\/finland.wordcamp.org\/2016\/about\/\" class=\"more-link\">Continue reading<span class=\"screen-reader-text\"> &#8220;About&#8221;<\/span><\/a><\/p>\n","protected":false},"author":12049518,"featured_media":0,"parent":0,"menu_order":0,"comment_status":"closed","ping_status":"open","template":"","meta":{"jetpack_post_was_ever_published":false,"footnotes":""},"class_list":["post-2","page","type-page","status-publish","hentry"],"jetpack_sharing_enabled":true,"jetpack_shortlink":"https:\/\/wp.me\/P726F2-2","_links":{"self":[{"href":"https:\/\/finland.wordcamp.org\/2016\/wp-json\/wp\/v2\/pages\/2","targetHints":{"allow":["GET"]}}],"collection":[{"href":"https:\/\/finland.wordcamp.org\/2016\/wp-json\/wp\/v2\/pages"}],"about":[{"href":"https:\/\/finland.wordcamp.org\/2016\/wp-json\/wp\/v2\/types\/page"}],"author":[{"embeddable":true,"href":"https:\/\/finland.wordcamp.org\/2016\/wp-json\/wp\/v2\/users\/12049518"}],"replies":[{"embeddable":true,"href":"https:\/\/finland.wordcamp.org\/2016\/wp-json\/wp\/v2\/comments?post=2"}],"version-history":[{"count":2,"href":"https:\/\/finland.wordcamp.org\/2016\/wp-json\/wp\/v2\/pages\/2\/revisions"}],"predecessor-version":[{"id":174,"href":"https:\/\/finland.wordcamp.org\/2016\/wp-json\/wp\/v2\/pages\/2\/revisions\/174"}],"wp:attachment":[{"href":"https:\/\/finland.wordcamp.org\/2016\/wp-json\/wp\/v2\/media?parent=2"}],"curies":[{"name":"wp","href":"https:\/\/api.w.org\/{rel}","templated":true}]}}