{"id":7,"date":"2015-12-11T16:13:17","date_gmt":"2015-12-11T14:13:17","guid":{"rendered":"https:\/\/2016.finland.wordcamp.org\/schedule\/"},"modified":"2016-03-15T09:02:36","modified_gmt":"2016-03-15T07:02:36","slug":"schedule","status":"publish","type":"page","link":"https:\/\/finland.wordcamp.org\/2016\/schedule\/","title":{"rendered":"Schedule"},"content":{"rendered":"<h2>Friday, April 15th<\/h2>\n<table class=\"wcpt-schedule\" border=\"0\"><thead><tr><th class=\"wcpt-col-time\">Time<\/th><th class=\"wcpt-col-track\"> <span class=\"wcpt-track-name\"><\/span> <span class=\"wcpt-track-description\"><\/span> <\/th><\/tr><\/thead><tbody><tr class=\"wcpt-time-800am global-session registration\"><td class=\"wcpt-time\">8:00&nbsp;am<\/td><td colspan=\"1\" class=\"wcpt-session-type-custom wcb-session-registration\" data-track-title=\"\" data-session-id=\"1022\"><div class=\"wcb-session-cell-content\"><span class=\"wcpt-session-title\">Registration<\/span><\/div><\/td><\/tr><tr class=\"wcpt-time-915am global-session opening-words\"><td class=\"wcpt-time\">9:15&nbsp;am<\/td><td colspan=\"1\" class=\"wcpt-session-type-session wcb-session-opening-words\" data-track-title=\"\" data-session-id=\"1024\"><div class=\"wcb-session-cell-content\"><a class=\"wcpt-session-title\" href=\"https:\/\/finland.wordcamp.org\/2016\/session\/opening-words\/\">Opening words<\/a><\/div><div class=\"wcb-session-favourite-icon\"><a href=\"#\" role=\"button\" class=\"fav-session-button\" aria-pressed=\"false\"><span class=\"screen-reader-text\">Favorite session: Opening words<\/span><span class=\"dashicons dashicons-star-filled\"><\/span><\/a><\/div><\/td><\/tr><tr class=\"wcpt-time-930am global-session working-with-wordpress-as-a-team-suomeksi-in-finnish\"><td class=\"wcpt-time\">9:30&nbsp;am<\/td><td colspan=\"1\" class=\"wcb-speaker-natanael-sinisalo wcpt-session-type-session wcb-session-working-with-wordpress-as-a-team\" data-track-title=\"\" data-session-id=\"684\"><div class=\"wcb-session-cell-content\"><a class=\"wcpt-session-title\" href=\"https:\/\/finland.wordcamp.org\/2016\/session\/working-with-wordpress-as-a-team\/\">Working with WordPress as a Team (suomeksi \/ in Finnish)<\/a> <span class=\"wcpt-session-speakers\"><a href=\"https:\/\/finland.wordcamp.org\/2016\/speakers\/#wcorg-speaker-natanael-sinisalo\">Natanael Sinisalo<\/a><\/span><\/div><div class=\"wcb-session-favourite-icon\"><a href=\"#\" role=\"button\" class=\"fav-session-button\" aria-pressed=\"false\"><span class=\"screen-reader-text\">Favorite session: Working with WordPress as a Team (suomeksi \/ in Finnish)<\/span><span class=\"dashicons dashicons-star-filled\"><\/span><\/a><\/div><\/td><\/tr><tr class=\"wcpt-time-1015am global-session low-carbon-web-design\"><td class=\"wcpt-time\">10:15&nbsp;am<\/td><td colspan=\"1\" class=\"wcb-speaker-jenn-schlick wcpt-session-type-session wcb-session-low-carbon-web-design\" data-track-title=\"\" data-session-id=\"686\"><div class=\"wcb-session-cell-content\"><a class=\"wcpt-session-title\" href=\"https:\/\/finland.wordcamp.org\/2016\/session\/low-carbon-web-design\/\">Low-Carbon Web Design<\/a> <span class=\"wcpt-session-speakers\"><a href=\"https:\/\/finland.wordcamp.org\/2016\/speakers\/#wcorg-speaker-jenn-schlick\">Jenn Schlick<\/a><\/span><\/div><div class=\"wcb-session-favourite-icon\"><a href=\"#\" role=\"button\" class=\"fav-session-button\" aria-pressed=\"false\"><span class=\"screen-reader-text\">Favorite session: Low-Carbon Web Design<\/span><span class=\"dashicons dashicons-star-filled\"><\/span><\/a><\/div><\/td><\/tr><tr class=\"wcpt-time-1100am global-session coffee-break\"><td class=\"wcpt-time\">11:00&nbsp;am<\/td><td colspan=\"1\" class=\"wcpt-session-type-custom wcb-session-coffee-break\" data-track-title=\"\" data-session-id=\"1029\"><div class=\"wcb-session-cell-content\"><span class=\"wcpt-session-title\">Coffee Break<\/span><\/div><\/td><\/tr><tr class=\"wcpt-time-1115am global-session lightning-talks-click-for-details\"><td class=\"wcpt-time\">11:15&nbsp;am<\/td><td colspan=\"1\" class=\"wcb-speaker-liisa-benmergui wcb-speaker-otto-kekalainen wcb-speaker-mikko-saari wcpt-session-type-session wcb-session-lightning-talks-click-for-details\" data-track-title=\"\" data-session-id=\"1031\"><div class=\"wcb-session-cell-content\"><a class=\"wcpt-session-title\" href=\"https:\/\/finland.wordcamp.org\/2016\/session\/lightning-talks-click-for-details\/\">Lightning Talks (Click for details)<\/a> <span class=\"wcpt-session-speakers\"><a href=\"https:\/\/finland.wordcamp.org\/2016\/speakers\/#wcorg-speaker-liisa-benmergui\">Liisa Benmergui<\/a>, <a href=\"https:\/\/finland.wordcamp.org\/2016\/speakers\/#wcorg-speaker-otto-kekalainen\">Otto Kek\u00e4l\u00e4inen<\/a>, <a href=\"https:\/\/finland.wordcamp.org\/2016\/speakers\/#wcorg-speaker-mikko-saari\">Mikko Saari<\/a><\/span><\/div><div class=\"wcb-session-favourite-icon\"><a href=\"#\" role=\"button\" class=\"fav-session-button\" aria-pressed=\"false\"><span class=\"screen-reader-text\">Favorite session: Lightning Talks (Click for details)<\/span><span class=\"dashicons dashicons-star-filled\"><\/span><\/a><\/div><\/td><\/tr><tr class=\"wcpt-time-1200pm global-session lunch\"><td class=\"wcpt-time\">12:00&nbsp;pm<\/td><td colspan=\"1\" class=\"wcpt-session-type-custom wcb-session-lunch\" data-track-title=\"\" data-session-id=\"1033\"><div class=\"wcb-session-cell-content\"><span class=\"wcpt-session-title\">Lunch<\/span><\/div><\/td><\/tr><tr class=\"wcpt-time-115pm global-session experiences-in-implementing-a-complex-mega-shop-in-wordpress-and-woocommerce\"><td class=\"wcpt-time\">1:15&nbsp;pm<\/td><td colspan=\"1\" class=\"wcb-speaker-thomas-hurd wcpt-session-type-session wcb-session-experiences-in-implementing-a-complex-mega-shop-in-wordpress-and-woocommerce\" data-track-title=\"\" data-session-id=\"1035\"><div class=\"wcb-session-cell-content\"><a class=\"wcpt-session-title\" href=\"https:\/\/finland.wordcamp.org\/2016\/session\/experiences-in-implementing-a-complex-mega-shop-in-wordpress-and-woocommerce\/\">Experiences in implementing a complex mega shop in WordPress and WooCommerce<\/a> <span class=\"wcpt-session-speakers\"><a href=\"https:\/\/finland.wordcamp.org\/2016\/speakers\/#wcorg-speaker-thomas-hurd\">Thomas Hurd<\/a><\/span><\/div><div class=\"wcb-session-favourite-icon\"><a href=\"#\" role=\"button\" class=\"fav-session-button\" aria-pressed=\"false\"><span class=\"screen-reader-text\">Favorite session: Experiences in implementing a complex mega shop in WordPress and WooCommerce<\/span><span class=\"dashicons dashicons-star-filled\"><\/span><\/a><\/div><\/td><\/tr><tr class=\"wcpt-time-200pm global-session react-for-wordpress-developers\"><td class=\"wcpt-time\">2:00&nbsp;pm<\/td><td colspan=\"1\" class=\"wcb-speaker-nikolay-bachiyski wcpt-session-type-session wcb-session-react-for-wordpress-developers\" data-track-title=\"\" data-session-id=\"1037\"><div class=\"wcb-session-cell-content\"><a class=\"wcpt-session-title\" href=\"https:\/\/finland.wordcamp.org\/2016\/session\/react-for-wordpress-developers\/\">React for WordPress Developers<\/a> <span class=\"wcpt-session-speakers\"><a href=\"https:\/\/finland.wordcamp.org\/2016\/speakers\/#wcorg-speaker-nikolay-bachiyski\">Nikolay Bachiyski<\/a><\/span><\/div><div class=\"wcb-session-favourite-icon\"><a href=\"#\" role=\"button\" class=\"fav-session-button\" aria-pressed=\"false\"><span class=\"screen-reader-text\">Favorite session: React for WordPress Developers<\/span><span class=\"dashicons dashicons-star-filled\"><\/span><\/a><\/div><\/td><\/tr><tr class=\"wcpt-time-245pm global-session coffee-break\"><td class=\"wcpt-time\">2:45&nbsp;pm<\/td><td colspan=\"1\" class=\"wcpt-session-type-custom wcb-session-coffee-break-2\" data-track-title=\"\" data-session-id=\"1040\"><div class=\"wcb-session-cell-content\"><span class=\"wcpt-session-title\">Coffee Break<\/span><\/div><\/td><\/tr><tr class=\"wcpt-time-315pm global-session lightning-talks-click-for-details\"><td class=\"wcpt-time\">3:15&nbsp;pm<\/td><td colspan=\"1\" class=\"wcb-speaker-antti-kuosmanen wcb-speaker-aki-bjorklund wcb-speaker-mari-orpana wcpt-session-type-session wcb-session-lightning-talks-click-for-details-2\" data-track-title=\"\" data-session-id=\"1042\"><div class=\"wcb-session-cell-content\"><a class=\"wcpt-session-title\" href=\"https:\/\/finland.wordcamp.org\/2016\/session\/lightning-talks-click-for-details-2\/\">Lightning Talks (Click for details)<\/a> <span class=\"wcpt-session-speakers\"><a href=\"https:\/\/finland.wordcamp.org\/2016\/speakers\/#wcorg-speaker-antti-kuosmanen\">Antti Kuosmanen<\/a>, <a href=\"https:\/\/finland.wordcamp.org\/2016\/speakers\/#wcorg-speaker-aki-bjorklund\">Aki Bj\u00f6rklund<\/a>, <a href=\"https:\/\/finland.wordcamp.org\/2016\/speakers\/#wcorg-speaker-mari-orpana\">Mari Orpana<\/a><\/span><\/div><div class=\"wcb-session-favourite-icon\"><a href=\"#\" role=\"button\" class=\"fav-session-button\" aria-pressed=\"false\"><span class=\"screen-reader-text\">Favorite session: Lightning Talks (Click for details)<\/span><span class=\"dashicons dashicons-star-filled\"><\/span><\/a><\/div><\/td><\/tr><tr class=\"wcpt-time-400pm global-session deploying-wp-multisite-to-heroku\"><td class=\"wcpt-time\">4:00&nbsp;pm<\/td><td colspan=\"1\" class=\"wcb-speaker-jussi-kinnula wcpt-session-type-session wcb-session-deploying-wp-multisite-to-heroku\" data-track-title=\"\" data-session-id=\"1044\"><div class=\"wcb-session-cell-content\"><a class=\"wcpt-session-title\" href=\"https:\/\/finland.wordcamp.org\/2016\/session\/deploying-wp-multisite-to-heroku\/\">Deploying WP Multisite to Heroku<\/a> <span class=\"wcpt-session-speakers\"><a href=\"https:\/\/finland.wordcamp.org\/2016\/speakers\/#wcorg-speaker-jussi-kinnula\">Jussi Kinnula<\/a><\/span><\/div><div class=\"wcb-session-favourite-icon\"><a href=\"#\" role=\"button\" class=\"fav-session-button\" aria-pressed=\"false\"><span class=\"screen-reader-text\">Favorite session: Deploying WP Multisite to Heroku<\/span><span class=\"dashicons dashicons-star-filled\"><\/span><\/a><\/div><\/td><\/tr><tr class=\"wcpt-time-445pm global-session leveling-up-your-multilingual-wordpress-site\"><td class=\"wcpt-time\">4:45&nbsp;pm<\/td><td colspan=\"1\" class=\"wcb-speaker-janne-ala-aijala wcpt-session-type-session wcb-session-leveling-up-your-multilingual-wordpress-site\" data-track-title=\"\" data-session-id=\"1046\"><div class=\"wcb-session-cell-content\"><a class=\"wcpt-session-title\" href=\"https:\/\/finland.wordcamp.org\/2016\/session\/leveling-up-your-multilingual-wordpress-site\/\">Leveling up your Multilingual WordPress Site<\/a> <span class=\"wcpt-session-speakers\"><a href=\"https:\/\/finland.wordcamp.org\/2016\/speakers\/#wcorg-speaker-janne-ala-aijala\">Janne Ala-\u00c4ij\u00e4l\u00e4<\/a><\/span><\/div><div class=\"wcb-session-favourite-icon\"><a href=\"#\" role=\"button\" class=\"fav-session-button\" aria-pressed=\"false\"><span class=\"screen-reader-text\">Favorite session: Leveling up your Multilingual WordPress Site<\/span><span class=\"dashicons dashicons-star-filled\"><\/span><\/a><\/div><\/td><\/tr><tr class=\"wcpt-time-530pm global-session closing-words\"><td class=\"wcpt-time\">5:30&nbsp;pm<\/td><td colspan=\"1\" class=\"wcpt-session-type-custom wcb-session-closing-words\" data-track-title=\"\" data-session-id=\"1072\"><div class=\"wcb-session-cell-content\"><span class=\"wcpt-session-title\">Closing words<\/span><\/div><\/td><\/tr><\/tbody><\/table>\n\t<div class=\"email-form fav-session-email-form-hide\">\n\t\t<!-- Tab links -->\n\t\t<div class=\"fav-session-share-tab\">\n\t\t\t\t\t\t\t<div class=\"fav-session-tablinks\" id=\"fav-session-btn-email\">\n\t\t\t\t\tEmail\t\t\t\t<\/div>\n\t\t\t\n\t\t\t<div class=\"fav-session-tablinks\" id=\"fav-session-btn-link\">\n\t\t\t\tLink\t\t\t<\/div>\n\n\t\t\t<div class=\"fav-session-tablinks\" id=\"fav-session-btn-print\">\n\t\t\t\tPrint\t\t\t<\/div>\n\t\t<\/div>\n\n\t\t<!-- Tab content -->\n\t\t\t\t\t<div id=\"fav-session-tab-email\" class=\"fav-session-share-tabcontent\">\n\t\t\t\t<div id=\"fav-session-email-form\">\n\t\t\t\t\tSend me my favorite sessions:\n\t\t\t\t\t<form id=\"fav-sessions-form\">\n\t\t\t\t\t\t<input\n\t\t\t\t\t\t\ttype=\"text\"\n\t\t\t\t\t\t\tname=\"email_address\"\n\t\t\t\t\t\t\tid=\"fav-sessions-email-address\"\n\t\t\t\t\t\t\tplaceholder=\"me@protonmail.com\"\n\t\t\t\t\t\t\/>\n\t\t\t\t\t\t<input type=\"submit\" value=\"Send\" \/>\n\t\t\t\t\t<\/form>\n\t\t\t\t<\/div>\n\n\t\t\t\t<div class=\"fav-session-email-wait-spinner\"><\/div>\n\t\t\t\t<div class=\"fav-session-email-result\"><\/div>\n\t\t\t<\/div>\n\t\t\n\t\t<div id=\"fav-session-tab-link\" class=\"fav-session-share-tabcontent\">\n\t\t\tShareable link:\t\t\t<br \/>\n\t\t\t<a id=\"fav-sessions-link\" href=\"\"><\/a>\n\t\t<\/div>\n\n\t\t<div id=\"fav-session-tab-print\" class=\"fav-session-share-tabcontent\">\n\t\t\t<button id=\"fav-session-print\">\n\t\t\t\tPrint favorite sessions\t\t\t<\/button>\n\t\t<\/div>\n\t<\/div>\n\n\t<a class=\"show-email-form\" href=\"javascript:\">\n\t\t<span class=\"dashicons dashicons-star-filled\"><\/span>\n\t\t<span class=\"dashicons dashicons-email-alt\"><\/span>\n\t<\/a>\n\n\t\n<h3>Afterparty<\/h3>\n<p>19.30 \u2013<\/p>\n<h2>Saturday, April 16th<\/h2>\n<p>Contributor &amp; Workshop Day<\/p>\n<p>11.00 \u2013<\/p>\n","protected":false},"excerpt":{"rendered":"<p>Friday, April 15th Afterparty 19.30 \u2013 Saturday, April 16th Contributor &amp; Workshop Day 11.00 \u2013<\/p>\n","protected":false},"author":12049518,"featured_media":0,"parent":0,"menu_order":0,"comment_status":"closed","ping_status":"closed","template":"","meta":{"jetpack_post_was_ever_published":false,"footnotes":""},"class_list":["post-7","page","type-page","status-publish","hentry"],"jetpack_sharing_enabled":true,"jetpack_shortlink":"https:\/\/wp.me\/P726F2-7","_links":{"self":[{"href":"https:\/\/finland.wordcamp.org\/2016\/wp-json\/wp\/v2\/pages\/7","targetHints":{"allow":["GET"]}}],"collection":[{"href":"https:\/\/finland.wordcamp.org\/2016\/wp-json\/wp\/v2\/pages"}],"about":[{"href":"https:\/\/finland.wordcamp.org\/2016\/wp-json\/wp\/v2\/types\/page"}],"author":[{"embeddable":true,"href":"https:\/\/finland.wordcamp.org\/2016\/wp-json\/wp\/v2\/users\/12049518"}],"replies":[{"embeddable":true,"href":"https:\/\/finland.wordcamp.org\/2016\/wp-json\/wp\/v2\/comments?post=7"}],"version-history":[{"count":4,"href":"https:\/\/finland.wordcamp.org\/2016\/wp-json\/wp\/v2\/pages\/7\/revisions"}],"predecessor-version":[{"id":1070,"href":"https:\/\/finland.wordcamp.org\/2016\/wp-json\/wp\/v2\/pages\/7\/revisions\/1070"}],"wp:attachment":[{"href":"https:\/\/finland.wordcamp.org\/2016\/wp-json\/wp\/v2\/media?parent=7"}],"curies":[{"name":"wp","href":"https:\/\/api.w.org\/{rel}","templated":true}]}}